{"id":268,"date":"2024-09-07T01:06:17","date_gmt":"2024-09-06T23:06:17","guid":{"rendered":"https:\/\/liferestart.4futureagency.com\/?page_id=268"},"modified":"2025-08-20T08:26:11","modified_gmt":"2025-08-20T06:26:11","slug":"kontakt","status":"publish","type":"page","link":"https:\/\/life-restart.si\/en\/kontakt\/","title":{"rendered":"Contact"},"content":{"rendered":"<section class=\"bde-section-268-108 bde-section\">\n  \n\t\n\n\n\n<div class=\"section-container\"><h1 class=\"bde-heading-268-123 bde-heading\">\nLIFE IP Restart project <br>team\n<\/h1><div class=\"bde-columns-268-109 bde-columns\"><div class=\"bde-column-268-110 bde-column\">\n  \n\t\n\n\n\n<div class=\"bde-rich-text-268-116 bde-rich-text breakdance-rich-text-styles\">\n<p><strong><br \/>Mateja Sim\u010di\u010d<br \/><\/strong>Collaborators on the project<\/p>\n<p>\u00a0<\/p>\n<p><strong>Milena Jane\u017ei\u010d, Monika Rozman, Ana Fabjan,<br \/><\/strong><strong>Goran \u0160temberger, <\/strong><strong>Danilo \u0160teblaj<br \/><\/strong>Collaborators on the project<\/p>\n<\/div><div class=\"bde-div-268-126 bde-div\">\n  \n\t\n\n\n\n<div class=\"bde-image-268-124 bde-image\">\n<figure class=\"breakdance-image breakdance-image--1045\">\n\t<div class=\"breakdance-image-container\">\n\t\t<div class=\"breakdance-image-clip\"><img loading=\"lazy\" decoding=\"async\" class=\"breakdance-image-object\" src=\"https:\/\/life-restart.si\/wp-content\/uploads\/2025\/08\/LIFE-Restart-Ekipa-MOPE-mala.jpg\" width=\"2000\" height=\"1331\" srcset=\"https:\/\/life-restart.si\/wp-content\/uploads\/2025\/08\/LIFE-Restart-Ekipa-MOPE-mala.jpg 2000w, https:\/\/life-restart.si\/wp-content\/uploads\/2025\/08\/LIFE-Restart-Ekipa-MOPE-mala-300x200.jpg 300w, https:\/\/life-restart.si\/wp-content\/uploads\/2025\/08\/LIFE-Restart-Ekipa-MOPE-mala-1024x681.jpg 1024w, https:\/\/life-restart.si\/wp-content\/uploads\/2025\/08\/LIFE-Restart-Ekipa-MOPE-mala-768x511.jpg 768w, https:\/\/life-restart.si\/wp-content\/uploads\/2025\/08\/LIFE-Restart-Ekipa-MOPE-mala-1536x1022.jpg 1536w, https:\/\/life-restart.si\/wp-content\/uploads\/2025\/08\/LIFE-Restart-Ekipa-MOPE-mala-18x12.jpg 18w\" sizes=\"auto, (max-width: 2000px) 100vw, 2000px\"><\/div>\n\t<\/div><\/figure>\n\n<\/div><div class=\"bde-rich-text-268-125 bde-rich-text breakdance-rich-text-styles\">\n<p><b>Author: Tomo Jeseni\u010dnik<\/b><\/p>\n<\/div>\n<\/div>\n<\/div><div class=\"bde-column-268-111 bde-column\">\n  \n\t\n\n\n\n<div class=\"bde-rich-text-268-117 bde-rich-text breakdance-rich-text-styles\">\n<p><strong><br \/>Ministry of the Environment, Climate and Energy<\/strong><br \/>Langusova ulica 4<br \/>1000 Ljubljana<\/p>\n<p class=\"translation-block\">E-mail: <a href=\"mailto:life-restart.mope@gov.si\" target=\"_self\">life-restart.mope@gov.si<\/a><br>Phone: 01\/ 478 7359<\/p>\n<\/div>\n<\/div><\/div><\/div>\n<\/section><section class=\"bde-section-268-100 bde-section\">\n  \n\t\n\n\n\n<div class=\"section-container\"><div class=\"bde-columns-268-101 bde-columns\"><div class=\"bde-column-268-102 bde-column\">\n  \n\t\n\n\n\n<h2 class=\"bde-heading-268-103 bde-heading\">\nHave a question?\n<\/h2><div class=\"bde-text-268-104 bde-text\">\nSend us a message and we'll respond as soon as possible. You can use our online contact form or email us directly at: <a href=\"mailto:life-restart.mope@gov.si\"><a href=\"mailto:life-restart.mope@gov.si\">life-restart.mope@gov.si<\/a><\/a>\n<\/div>\n<\/div><div class=\"bde-column-268-105 bde-column\">\n  \n\t\n\n\n\n<div class=\"bde-form-builder-268-107 bde-form-builder\">\n\n\n<form id=\"obrazec107\" class=\"breakdance-form breakdance-form--vertical\" data-options=\"{&quot;slug&quot;:&quot;custom&quot;,&quot;name&quot;:&quot;Obrazec&quot;,&quot;ajaxUrl&quot;:&quot;https:\\\/\\\/life-restart.si\\\/wp-admin\\\/admin-ajax.php&quot;,&quot;clearOnSuccess&quot;:true,&quot;hideOnSuccess&quot;:false,&quot;successMessage&quot;:&quot;Va\\u0161e sporo\\u010dilo je bilo prejeto.&quot;,&quot;errorMessage&quot;:&quot;Pri\\u0161lo je do napake.&quot;,&quot;redirect&quot;:false,&quot;redirectUrl&quot;:&quot;&quot;,&quot;customJavaScript&quot;:&quot;&quot;,&quot;recaptcha&quot;:{&quot;key&quot;:&quot;6LepN3gqAAAAAG-mebJpY4q1sQbWHVXkDjDEimHv&quot;,&quot;enabled&quot;:true},&quot;honeypot_enabled&quot;:true,&quot;popupsOnSuccess&quot;:[],&quot;popupsOnError&quot;:[]}\" data-steps=\"0\" action=\"\" >\n  \n  \n  \n<div class=\"breakdance-form-field breakdance-form-field--text breakdance-form-field__hide-label\" >\n    \n    \n            <label class=\"breakdance-form-field__label\" for=\"imeinpriimek\">\n            Ime in priimek<span class=\"breakdance-form-field__required\">*<\/span>\n        <\/label>\n    \n    <input\n    class=\"breakdance-form-field__input\"\n    id=\"imeinpriimek\"\n    aria-describedby=\"imeinpriimek\"\n    type=\"text\"\n    name=\"fields[imeinpriimek]\"\n    placeholder=\"Name &amp; Surname\"\n    value=\"\"\n                \n        \n        \n    required\n>\n\n\n    \n    \n<\/div>\n\n\n<div class=\"breakdance-form-field breakdance-form-field--text breakdance-form-field__hide-label\" >\n    \n    \n            <label class=\"breakdance-form-field__label\" for=\"Podjetje\">\n            Organisation<span class=\"breakdance-form-field__required\">*<\/span>\n        <\/label>\n    \n    <input\n    class=\"breakdance-form-field__input\"\n    id=\"Podjetje\"\n    aria-describedby=\"Podjetje\"\n    type=\"text\"\n    name=\"fields[Podjetje]\"\n    placeholder=\"Organisation\"\n    value=\"\"\n                \n        \n        \n    required\n>\n\n\n    \n    \n<\/div>\n\n\n<div class=\"breakdance-form-field breakdance-form-field--email breakdance-form-field__hide-label\" >\n    \n    \n            <label class=\"breakdance-form-field__label\" for=\"email\">\n            Email<span class=\"breakdance-form-field__required\">*<\/span>\n        <\/label>\n    \n    <input\n    class=\"breakdance-form-field__input\"\n    id=\"email\"\n    aria-describedby=\"email\"\n    type=\"email\"\n    name=\"fields[email]\"\n    placeholder=\"E-mail Address\"\n    value=\"\"\n                \n        \n        \n    required\n>\n\n\n    \n    \n<\/div>\n\n\n<div class=\"breakdance-form-field breakdance-form-field--tel breakdance-form-field__hide-label\" >\n    \n    \n            <label class=\"breakdance-form-field__label\" for=\"telefonska\">\n            Telephone Number\n        <\/label>\n    \n    <input\n    class=\"breakdance-form-field__input\"\n    id=\"telefonska\"\n    aria-describedby=\"telefonska\"\n    type=\"tel\"\n    name=\"fields[telefonska]\"\n    placeholder=\"Telephone Number\"\n    value=\"\"\n                \n        \n        \n    \n    \n    \n>\n\n\n    \n    \n<\/div>\n\n\n<div class=\"breakdance-form-field breakdance-form-field--hpinput\" >\n    \n    \n            <label class=\"breakdance-form-field__label\" for=\"hpname\">\n            HP Name\n        <\/label>\n    \n    <input\n    class=\"breakdance-form-field__input\"\n    id=\"hpname\"\n    aria-describedby=\"hpname\"\n    type=\"hpinput\"\n    name=\"fields[hpname]\"\n    placeholder=\"\"\n    value=\"\"\n                \n        \n        \n    \n    autocomplete=\"off\"\n    tabindex=\"-1\">\n\n\n    \n    \n<\/div>\n\n\n  \n\n<div class=\"breakdance-form-field breakdance-form-footer\">\n    \n    \n                                    \n    \n    \n    \n    \n            \n            <button type=\"submit\" class=\"button-atom button-atom--primary breakdance-form-button breakdance-form-button__submit\"  >\n    \n        <span class=\"button-atom__text\">Please confirm<\/span>\n\n        \n        \n            <\/button>\n    \n    <input type=\"hidden\" name=\"form_id\" value=\"107\">\n    <input type=\"hidden\" name=\"post_id\" value=\"268\">\n<\/div>\n\n  \n<input type=\"hidden\" name=\"trp-form-language\" value=\"en\"\/><\/form>\n\n\n\n<\/div>\n<\/div><\/div><\/div>\n<\/section>","protected":false},"excerpt":{"rendered":"<p>Ekipa projekta LIFE IP Restart Mateja Sim\u010di\u010dVodja projekta \u00a0 Milena Jane\u017ei\u010d, Monika Rozman, Ana Fabjan,Goran \u0160temberger, Danilo \u0160teblajSodelavci na projektu Avtor: Tomo Jeseni\u010dnik Ministrstvo za okolje, podnebje in energijoLangusova ulica 41000 Ljubljana e-naslov: life-restart.mope@gov.sitel.: 01\/ 478 7359 Imate vpra\u0161anje za nas? Po\u0161ljite nam sporo\u010dilo in odgovorili vam bomo v najkraj\u0161em mo\u017enem \u010dasu. Uporabite spletni kontaktni [&hellip;]<\/p>","protected":false},"author":1,"featured_media":0,"parent":0,"menu_order":0,"comment_status":"closed","ping_status":"closed","template":"","meta":{"_acf_changed":false,"_monsterinsights_skip_tracking":false,"_monsterinsights_sitenote_active":false,"_monsterinsights_sitenote_note":"","_monsterinsights_sitenote_category":0,"_uf_show_specific_survey":0,"_uf_disable_surveys":false,"_breakdance_hide_in_design_set":false,"_breakdance_tags":"","footnotes":""},"class_list":["post-268","page","type-page","status-publish","hentry"],"acf":[],"aioseo_notices":[],"_links":{"self":[{"href":"https:\/\/life-restart.si\/en\/wp-json\/wp\/v2\/pages\/268","targetHints":{"allow":["GET"]}}],"collection":[{"href":"https:\/\/life-restart.si\/en\/wp-json\/wp\/v2\/pages"}],"about":[{"href":"https:\/\/life-restart.si\/en\/wp-json\/wp\/v2\/types\/page"}],"author":[{"embeddable":true,"href":"https:\/\/life-restart.si\/en\/wp-json\/wp\/v2\/users\/1"}],"replies":[{"embeddable":true,"href":"https:\/\/life-restart.si\/en\/wp-json\/wp\/v2\/comments?post=268"}],"version-history":[{"count":19,"href":"https:\/\/life-restart.si\/en\/wp-json\/wp\/v2\/pages\/268\/revisions"}],"predecessor-version":[{"id":1048,"href":"https:\/\/life-restart.si\/en\/wp-json\/wp\/v2\/pages\/268\/revisions\/1048"}],"wp:attachment":[{"href":"https:\/\/life-restart.si\/en\/wp-json\/wp\/v2\/media?parent=268"}],"curies":[{"name":"wp","href":"https:\/\/api.w.org\/{rel}","templated":true}]}}