{"id":380,"date":"2024-10-22T19:20:19","date_gmt":"2024-10-22T17:20:19","guid":{"rendered":"https:\/\/liferestart.4futureagency.com\/?page_id=380"},"modified":"2026-03-24T09:15:33","modified_gmt":"2026-03-24T08:15:33","slug":"e-1-strategija-komuniciranja-in-razsirjanja-rezultatov-projekta-in-strategija-socialnih-medijev","status":"publish","type":"page","link":"https:\/\/life-restart.si\/en\/e-1-strategija-komuniciranja-in-razsirjanja-rezultatov-projekta-in-strategija-socialnih-medijev\/","title":{"rendered":"E. 1 Strategija komuniciranja in raz\u0161irjanja rezultatov projekta in strategija socialnih medijev"},"content":{"rendered":"<h1>E. 1 Strategija komuniciranja in raz\u0161irjanja rezultatov projekta in strategija socialnih medijev<\/h1>\n<p>Doseganje \u017eeljenega u\u010dinka projekta LIFE IP Restart je v veliki meri odvisno tudi od ustreznih dejavnosti komuniciranja in raz\u0161irjanja informacij o projektu. Zato bodo izdelani posebni na\u010drti kot podlaga za u\u010dinkovito strategijo komuniciranja in raz\u0161irjanja rezultatov projekta, ki bodo temeljili na:<\/p>\n<ul>\n<li>ustrezno izbranih in opredeljenih ciljnih skupinah, katerim morajo biti prilagojeni cilji raz\u0161irjanja rezultatov;<\/li>\n<li>jasni opredeljenosti ter ustreznosti in uporabnosti rezultatov\/informacij za raz\u0161irjanje glede na posamezno ciljno javnost;.<\/li>\n<li>ustreznih orodjih in kanalih komuniciranja in raz\u0161irjanja, ki bodo sledili na\u010drtovanim vplivom in ciljem projekta;<\/li>\n<li>mehanizmih za doseganje u\u010dinkov projekta, ki bodo skladni s pri\u010dakovanimi u\u010dinki projekta.<\/li>\n<\/ul>\n<p>Za oblikovanje, izvajanje in spremljanje u\u010dinkovite strategije komuniciranja bo pripravljen podroben komunikacijski na\u010drt. Strategija mora biti usmerjena v u\u010dinke in vklju\u010devati kar najprimernej\u0161a komunikacijska sredstva za doseganje dolo\u010denih ciljnih skupin. V za\u010detni fazi projekta bo tako izvedena podrobna analiza akterjev in ustreznih zainteresiranih strani, na podlagi katere bo oblikovan register dele\u017enikov, potreben za razli\u010dne komunikacijske aktivnosti (kot npr. razdeljevanje e-novi\u010dnika, \u010dlankov, bro\u0161ur, letakov\u2026, vabil na projektne dogodke, usposabljanja in delavnice ter po potrebi tudi za posvetovanje o rezultatih).   <\/p>\n<p>Komunikacijski na\u010drt s klju\u010dnimi sporo\u010dili projekta se bo med izvajanjem razli\u010dnih ukrepov iz akcij E stalno prilagajal. Strategija komuniciranja bo vklju\u010devala vse potrebne elemente kot so npr. na\u010drt komuniciranja s tiskanimi in digitalnimi mediji, vzpostavitev in razvoj digitalnih medijev znotraj projekta, smernice za interno komuniciranje znotraj projektne skupine in z zunanjimi projektnimi partnerji in ciljnimi javnostmi.  <\/p>\n<p><strong>Objectives:<\/strong> u\u010dinkovita strategija komuniciranja in raz\u0161irjanja sporo\u010dil o projektu LIFE IP Restart, njegovih vrednotah in rezultatih, ki bo zagotavljala trajnost u\u010dinkov projekta med klju\u010dnimi skupinami dele\u017enikov, pomembnih za projekt; vizualno privla\u010dna celostna podoba, ki bo pove\u010dala prepoznavnost projekta; izvajanje ciljno usmerjene strategije dru\u017ebenih medijev za upo\u0161tevanje sodobnih medijskih kanalov, dosegljivi s preprostimi, a mo\u010dnimi sporo\u010dili; stalno izbolj\u0161evanje komunikacije in raz\u0161irjanja informacij s kvantitativnimi kazalniki uspe\u0161nosti skupaj z oceno kvalitativnih povratnih informacij z dogodkov in sre\u010danj \u00bbin situ\u00ab.<\/p>\n<h2>Latest news<\/h2>\n<p> <a href=\"https:\/\/life-restart.si\/en\/2026\/03\/odprt-javni-razpis-za-sofinanciranje-infrastrukture-za-ponovno-uporabo-proizvodov\/\"><img decoding=\"async\" src=\"https:\/\/life-restart.si\/wp-content\/uploads\/2024\/10\/LIFE-Restart-Maribor-Dogose_51.jpg\" alt=\"\"><\/a><\/p>\n<p> [Odprt javni razpis za sofinanciranje infrastrukture za ponovno uporabo proizvodov <\/p>\n<p>Ministrstvo za okolje, podnebje in energijo je 27. februarja 2026 objavilo javni razpis za sofinanciranje vlaganj v infrastrukturo za izvajanje dejavnosti ponovne uporabe proizvodov ali priprave odpadkov za ponovno uporabo (Uradni list RS \u0161t. 16\/2026, str. 514\u2013542). Namen javnega razpisa je spodbujanje dejavnosti ponovne uporabe proizvodov in priprave odpadkov za ponovno uporabo za izbolj\u0161anje sodelovanje izvajalcev javne slu\u017ebe z izvajalci priprave odpadkov za ponovno uporabo in osebami, ki se ukvarjajo s ponovno uporabo izdelkov in s tem prepre\u010duje nastajanje odpadkov. Predmet javnega razpisa je sofinanciranje: obnove, novogradnje ali raz\u0161iritve objektov in prostorov ter nakupa in vgradnje opreme in premi\u010dnin, namenjenih dejavnosti ponovne uporabe proizvodov ali dejavnosti priprave [\u2026]<\/p>\n<p> <a href=\"https:\/\/life-restart.si\/en\/2026\/03\/odprt-javni-razpis-za-sofinanciranje-infrastrukture-za-ponovno-uporabo-proizvodov\/\"> Read more <\/a> ](https:\/\/life-restart.si\/2026\/03\/odprt-javni-razpis-za-sofinanciranje-infrastrukture-za-ponovno-uporabo-proizvodov\/)<\/p>\n<p>  <a href=\"https:\/\/life-restart.si\/en\/2026\/02\/drzavni-zbor-rs-potrdil-zakon-o-spremembah-in-dopolnitvah-zakona-o-rudarstvu\/\"><img decoding=\"async\" src=\"https:\/\/life-restart.si\/wp-content\/uploads\/2024\/10\/LIFE-Restart-Andraz-nad-Polzelo-sestavljena-1.jpg\" alt=\"\"><\/a><\/p>\n<p> [Dr\u017eavni zbor RS potrdil Zakon o spremembah in dopolnitvah zakona o rudarstvu <\/p>\n<p>Dr\u017eavni zbor RS je v tem tednu (11. februarja) potrdil novelo Zakona o rudarstvu. Novela zakona je pomembna zato, ker med drugim re\u0161uje nujne izzive na podro\u010dju rudarskih koncesij, upravnih postopkov in upravljanja z mineralnimi surovinami \u2013 omogo\u010da namre\u010d za\u010dasno podalj\u0161anje rudarskih pravic do 31. decembra 2026. Novela zakona o rudarstvu dolo\u010da spremembe, namenjene pove\u010danju pravne jasnosti, izbolj\u0161anju u\u010dinkovitosti postopkov ter zagotavljanju varnega upravljanja rudarske dejavnosti. Cilj je vzpostaviti jasnej\u0161a pravila za pridobivanje in prenos rudarskih pravic ter zagotoviti pogoje za trajnostno rabo mineralnih surovin. Novela ureja tudi sodelovanje lokalnih skupnosti z dr\u017eavo pri na\u010drtovanju oskrbe z mineralnimi surovinami. Ob\u010dine [\u2026]<\/p>\n<p> <a href=\"https:\/\/life-restart.si\/en\/2026\/02\/drzavni-zbor-rs-potrdil-zakon-o-spremembah-in-dopolnitvah-zakona-o-rudarstvu\/\"> Read more <\/a> ](https:\/\/life-restart.si\/2026\/02\/drzavni-zbor-rs-potrdil-zakon-o-spremembah-in-dopolnitvah-zakona-o-rudarstvu\/)<\/p>\n<p>  <a href=\"https:\/\/life-restart.si\/en\/2026\/02\/na-kongresu-sekcij-gradbincev-kleparjev-in-krovcev-ter-instalaterjev-energetikov-izpostavljen-tudi-projekt-life-ip-restart\/\"><img decoding=\"async\" src=\"https:\/\/life-restart.si\/wp-content\/uploads\/2026\/02\/20260130_095830-scaled.jpg\" alt=\"\"><\/a><\/p>\n<p> [Na Kongresu sekcij gradbincev, kleparjev in krovcev ter instalaterjev energetikov izpostavljen tudi projekt LIFE IP Restart <\/p>\n<p>Pod okriljem Obrtne zbornice Slovenije je 30. in 31. januarja v Portoro\u017eu potekal Kongres sekcij gradbincev, kleparjev in krovcev ter instalaterjev energetikov. Dogodek je izpostavil pomen in vlogo gradbenega sektorja za slovensko gospodarstvo ter nujnost prehoda iz linearnega v kro\u017eno gospodarstvo tudi na tem podro\u010dju. Klju\u010dno vpra\u0161anje, ki se pri tem odpira, je, ali bodo gradbeni materiali v prihodnje obravnavani kot odpadek ali kot dragocen vir. Prvi dan kongresa je potekala tudi okrogla miza z naslovom \u00bbKako lahko gradbeni\u0161tvo postane motor kro\u017enega gospodarstva, \u010de je razdeljeno med tri razli\u010dna ministrstva \u2013 in kdo nosi odgovornost za nujne sistemske spremembe?\u00ab Udele\u017eil [\u2026]<\/p>\n<p> <a href=\"https:\/\/life-restart.si\/en\/2026\/02\/na-kongresu-sekcij-gradbincev-kleparjev-in-krovcev-ter-instalaterjev-energetikov-izpostavljen-tudi-projekt-life-ip-restart\/\"> Read more <\/a> ](https:\/\/life-restart.si\/2026\/02\/na-kongresu-sekcij-gradbincev-kleparjev-in-krovcev-ter-instalaterjev-energetikov-izpostavljen-tudi-projekt-life-ip-restart\/)<\/p>\n<p>  <a href=\"https:\/\/life-restart.si\/en\/2026\/01\/vlada-dolocila-predlog-zakona-o-spremembah-in-dopolnitvah-zakona-o-rudarstvu\/\"><img decoding=\"async\" src=\"https:\/\/life-restart.si\/wp-content\/uploads\/2025\/09\/LIFE-Restart-Biotehniska-fakulteta-Ljubljana_18-1-scaled.jpg\" alt=\"\"><\/a><\/p>\n<p> [Vlada dolo\u010dila Predlog zakona o spremembah in dopolnitvah Zakona o rudarstvu <\/p>\n<p>Novela zakona o rudarstvu dolo\u010da spremembe, namenjene pove\u010danju pravne jasnosti, izbolj\u0161anju u\u010dinkovitosti postopkov ter zagotavljanju varnega upravljanja rudarske dejavnosti. Cilj je vzpostaviti jasnej\u0161a pravila za pridobivanje in prenos rudarskih pravic ter zagotoviti pogoje za trajnostno rabo mineralnih surovin. Predlog zakona o spremembah in dopolnitvah Zakona o rudarstvu je pomemben tudi za izvajanje projekta LIFE IP Restart, \u0161e posebej z eno od demonstracijskih akcij \u2013 Proizvodnja povr\u0161inskega sloja tal. S to demonstracijsko akcijo raziskujemo, katere vrste talnih me\u0161anic so primerne za proizvodnjo povr\u0161inskega sloja tal glede na pri\u010dakovano rabo obnovljenega prostora (denimo za zelene povr\u0161ine v urbanih obmo\u010djih, kmetijske povr\u0161ine ali [\u2026]<\/p>\n<p> <a href=\"https:\/\/life-restart.si\/en\/2026\/01\/vlada-dolocila-predlog-zakona-o-spremembah-in-dopolnitvah-zakona-o-rudarstvu\/\"> Read more <\/a> ](https:\/\/life-restart.si\/2026\/01\/vlada-dolocila-predlog-zakona-o-spremembah-in-dopolnitvah-zakona-o-rudarstvu\/)<\/p>\n<p>  <a href=\"https:\/\/life-restart.si\/en\/2025\/12\/zelimo-vam-lepe-praznike-in-srecno-2026\/\"><img decoding=\"async\" src=\"https:\/\/life-restart.si\/wp-content\/uploads\/2025\/12\/Voscilo-2026_Linkedin_FB_splet.jpg\" alt=\"\"><\/a><\/p>\n<p> [\u017delimo vam lepe praznike in sre\u010dno 2026! <\/p>\n<p>V projektu LIFE IP Restart kupe gradbenih odpadkov spreminjamo v laboratorij razvojnih prilo\u017enosti. Gradbeni\u0161tvo je \u017eal \u0161e vedno najve\u010dji porabnik surovin, gradbeni odpadki pa zavzemajo najve\u010dji dele\u017e vseh odpadkov \u2013 \u010deprav lahko postanejo dragocen vir za ve\u010d panog. V letu 2025 smo s partnerji okrepili ozave\u0161\u010danje klju\u010dnih dele\u017enikov, pospe\u0161ili razvoj tehnolo\u0161kih re\u0161itev in prispevali k bolj\u0161im pogojem za prehod v kro\u017eno gospodarstvo na podro\u010dju gradbenih odpadkov. Ti koraki so rezultat sodelovanja 16 organizacij, ki pod okriljem Ministrstva za okolje, podnebje in energijo, ob sofinanciranju Evropske unije, gradijo sistemske spremembe. Hvala vsem, ki ste sodelovali, delili znanje in podprli na\u0161e poslanstvo.<\/p>\n<p> <a href=\"https:\/\/life-restart.si\/en\/2025\/12\/zelimo-vam-lepe-praznike-in-srecno-2026\/\"> Read more <\/a> ](https:\/\/life-restart.si\/2025\/12\/zelimo-vam-lepe-praznike-in-srecno-2026\/)<\/p>\n<p>  <a href=\"https:\/\/life-restart.si\/en\/2025\/11\/na-prvi-konferenci-slovenskega-centra-za-krozno-gospodarstvo-predstavljen-tudi-projekt-life-restart\/\"><img decoding=\"async\" src=\"https:\/\/life-restart.si\/wp-content\/uploads\/2025\/11\/20251126_094618_2-scaled.jpg\" alt=\"\"><\/a><\/p>\n<p> [Na prvi konferenci Slovenskega centra za kro\u017eno gospodarstvo predstavljen tudi projekt LIFE Restart <\/p>\n<p>V Mariboru je potekala prva konferenca Slovenskega centra za kro\u017eno gospodarstvo (SCKG) z naslovom \u00bbPovezani v kro\u017eno: od zakonodaje do dobrih praks\u00ab. Dogodek je zdru\u017eil klju\u010dne predstavnike podjetij, ob\u010din, strokovne javnosti in odlo\u010devalcev, ki so razpravljali o izzivih in prilo\u017enostih prehoda v kro\u017eno gospodarstvo ter o tem, kako ga pospe\u0161iti v praksi. Konferenca je bila organizirana z naslednjimi cilji: Med sodelujo\u010dimi je bila tudi doc. dr. Tanja Bagar iz komunalnega podjetja CEROP, enega od partnerjev projekta LIFE IP Restart. Doc. dr. Bagarjeva je predstavila klju\u010dne aktivnosti razvojnega oddelka podjetja, najpogostej\u0161e izzive ter ambiciozne plane za prihodnost. Na popoldanski okrogli mizi [\u2026]<\/p>\n<p> <a href=\"https:\/\/life-restart.si\/en\/2025\/11\/na-prvi-konferenci-slovenskega-centra-za-krozno-gospodarstvo-predstavljen-tudi-projekt-life-restart\/\"> Read more <\/a> ](https:\/\/life-restart.si\/2025\/11\/na-prvi-konferenci-slovenskega-centra-za-krozno-gospodarstvo-predstavljen-tudi-projekt-life-restart\/)<\/p>\n<ul>\n<li><a href=\"https:\/\/life-restart.si\/wp-admin\/admin-ajax.php?_ajax_nonce=81f7336b6e\">1<\/a><\/li>\n<li><a href=\"https:\/\/life-restart.si\/wp-admin\/admin-ajax.php?_ajax_nonce=81f7336b6e&amp;paged=2\">2<\/a><\/li>\n<li><a href=\"https:\/\/life-restart.si\/wp-admin\/admin-ajax.php?_ajax_nonce=81f7336b6e&amp;paged=3\">3<\/a><\/li>\n<li><a href=\"https:\/\/life-restart.si\/wp-admin\/admin-ajax.php?_ajax_nonce=81f7336b6e&amp;paged=4\">4<\/a><\/li>\n<li><a href=\"https:\/\/life-restart.si\/wp-admin\/admin-ajax.php?_ajax_nonce=81f7336b6e&amp;paged=5\">5<\/a><\/li>\n<li><a href=\"https:\/\/life-restart.si\/wp-admin\/admin-ajax.php?_ajax_nonce=81f7336b6e&amp;paged=6\">6<\/a><\/li>\n<li><a href=\"https:\/\/life-restart.si\/wp-admin\/admin-ajax.php?_ajax_nonce=81f7336b6e&amp;paged=7\">7<\/a><\/li>\n<li><a href=\"https:\/\/life-restart.si\/wp-admin\/admin-ajax.php?_ajax_nonce=81f7336b6e&amp;paged=8\">8<\/a><\/li>\n<li><a href=\"https:\/\/life-restart.si\/wp-admin\/admin-ajax.php?_ajax_nonce=81f7336b6e&amp;paged=9\">9<\/a><\/li>\n<li><a href=\"https:\/\/life-restart.si\/wp-admin\/admin-ajax.php?_ajax_nonce=81f7336b6e&amp;paged=10\">10<\/a><\/li>\n<li><a href=\"https:\/\/life-restart.si\/wp-admin\/admin-ajax.php?_ajax_nonce=81f7336b6e&amp;paged=11\">11<\/a><\/li>\n<\/ul>\n<p><a href=\"https:\/\/life-restart.si\/wp-admin\/admin-ajax.php?_ajax_nonce=81f7336b6e&amp;paged=2\">       <\/a><\/p>","protected":false},"excerpt":{"rendered":"<p>E. 1 Strategija komuniciranja in raz\u0161irjanja rezultatov projekta in strategija socialnih medijev Doseganje \u017eeljenega u\u010dinka projekta LIFE IP Restart je v veliki meri odvisno tudi od ustreznih dejavnosti komuniciranja in raz\u0161irjanja informacij o projektu. Zato bodo izdelani posebni na\u010drti kot podlaga za u\u010dinkovito strategijo komuniciranja in raz\u0161irjanja rezultatov projekta, ki bodo temeljili na: ustrezno izbranih [&hellip;]<\/p>","protected":false},"author":1,"featured_media":0,"parent":0,"menu_order":0,"comment_status":"closed","ping_status":"closed","template":"","meta":{"_acf_changed":false,"_monsterinsights_skip_tracking":false,"_monsterinsights_sitenote_active":false,"_monsterinsights_sitenote_note":"","_monsterinsights_sitenote_category":0,"_uf_show_specific_survey":0,"_uf_disable_surveys":false,"_breakdance_hide_in_design_set":false,"_breakdance_tags":"","footnotes":""},"class_list":["post-380","page","type-page","status-publish","hentry"],"acf":[],"aioseo_notices":[],"_links":{"self":[{"href":"https:\/\/life-restart.si\/en\/wp-json\/wp\/v2\/pages\/380","targetHints":{"allow":["GET"]}}],"collection":[{"href":"https:\/\/life-restart.si\/en\/wp-json\/wp\/v2\/pages"}],"about":[{"href":"https:\/\/life-restart.si\/en\/wp-json\/wp\/v2\/types\/page"}],"author":[{"embeddable":true,"href":"https:\/\/life-restart.si\/en\/wp-json\/wp\/v2\/users\/1"}],"replies":[{"embeddable":true,"href":"https:\/\/life-restart.si\/en\/wp-json\/wp\/v2\/comments?post=380"}],"version-history":[{"count":6,"href":"https:\/\/life-restart.si\/en\/wp-json\/wp\/v2\/pages\/380\/revisions"}],"predecessor-version":[{"id":1476,"href":"https:\/\/life-restart.si\/en\/wp-json\/wp\/v2\/pages\/380\/revisions\/1476"}],"wp:attachment":[{"href":"https:\/\/life-restart.si\/en\/wp-json\/wp\/v2\/media?parent=380"}],"curies":[{"name":"wp","href":"https:\/\/api.w.org\/{rel}","templated":true}]}}