{"id":739,"date":"2024-12-01T12:26:53","date_gmt":"2024-12-01T11:26:53","guid":{"rendered":"https:\/\/life-restart.si\/?page_id=739"},"modified":"2024-12-19T12:26:31","modified_gmt":"2024-12-19T11:26:31","slug":"izjava-o-dostopnosti","status":"publish","type":"page","link":"https:\/\/life-restart.si\/en\/izjava-o-dostopnosti\/","title":{"rendered":"Accessibility Statement"},"content":{"rendered":"<p><strong>Accessibility Statement<\/strong><\/p>\n<p>The Ministry of the Environment, Climate and Energy undertakes to make the website accessible to all users in accordance with the Accessibility of Websites and Mobile Applications Act (Official Gazette of the Republic of Slovenia, No. 30\/18, 95\/21 - ZInfV-A, 189\/21 - ZDU-1M and 18\/23 - ZDU-1O, hereinafter referred to as ZDSMA).<\/p>\n<p class=\"translation-block\">This accessibility statement refers to the website <a href=\"https:\/\/life-restart.si\/en\" target=\"_self\">www.life-restart.si\/en<\/a>.<\/p>\n<p>In order to ensure accessibility, some systemic adjustments have been made to the above-mentioned website:<\/p>\n<ul>\n<li>Responsive design (adapting the layout of content to the screen resolution),<\/li>\n<li>display of content for users of assistive technologies (screen readers, braille),<\/li>\n<li>keyboard navigation (for users who cannot use a mouse),<\/li>\n<li>appropriate colour contrasts between text and background,<\/li>\n<li>predictable website performance,<\/li>\n<li>all live broadcasts and recordings of press statements after government meetings are provided with interpretation into Slovenian sign language, and subtitles are available for other videos,<\/li>\n<li>slovenski znakovni jezik, za ostale je omogo\u010deno opremljanje video posnetkov s podnapisi,<\/li>\n<li>images can be accompanied by alternative text,<\/li>\n<li>the use of different levels of captions<\/li>\n<\/ul>\n<p class=\"translation-block\"><strong>Level of compliance<\/strong><br>\nThe website <a href=\"https:\/\/life-restart.si\/en\" target=\"_self\">www.life-restart.si\/en<\/a> is partially compliant with the AALMA due to the exceptions listed below.<\/p>\n<p><strong>Preparation of an accessibility statement<\/strong><br \/>\nThis statement was prepared on 9 December 2024 on the basis of a self-assessment.<\/p>\n<p class=\"translation-block\"><strong>Feedback and Contact Information<\/strong><br>  \nDue to frequent updates to the content, visitors to the website <a href=\"https:\/\/life-restart.si\/en\" data-wplink-edit=\"true\" target=\"_self\">www.life-restart.si\/en<\/a> may encounter accessibility issues despite efforts to make all pages as accessible and user-friendly as possible. Notifications about any instances of non-compliance with the provisions of ZDSMA and requests for information in an accessible format can be sent via regular or electronic mail.<\/p>\n<p>In your message, please state:<\/p>\n<ul>\n<li>the nature of your accessibility problem<\/li>\n<li>the form in which you wish to receive the information; and<\/li>\n<li>your contact details.<\/li>\n<\/ul>\n<p class=\"translation-block\">Contact:<br>\nMinistry of Environment, Climate and Energy<br>\nLangusova 4<br>\n1000 Ljubljana<br>\nPhone: 01 478 82 00<br>\nE-mail: <a href=\"mailto:life-restart.mope@gov.si\">life-restart.mope@gov.si<\/a><\/p>\n<p>You will receive a reply within eight days of receipt of the notification or request. Otherwise, we will inform you of the reasons why we have not replied within this time limit.<\/p>\n<p><b>Enforcement procedure<\/b><br \/>\nIn the event of non-compliance with the provisions of the ZDSMA, you may lodge a complaint with the Inspectorate of the Republic of Slovenia for the Information Society by ordinary mail or by e-mail to:<\/p>\n<p class=\"translation-block\">Information Society Inspectorate<br>\nMinistry of Digital Transformation<br>\nDav\u010dna ulica 1<br>\n1000 Ljubljana<br>\nTelephone: 01 555 58 48<br>\nE-mail: <a href=\"mailto:gp.irsid@gov.si\">gp.irsid@gov.si<\/a><\/p>","protected":false},"excerpt":{"rendered":"<p>IZJAVA O DOSTOPNOSTI Ministrstvo za okolje, podnebje in energijo se zavezuje, da bo vsem uporabnikom omogo\u010dalo dostopnost spletnega mesta v skladu z Zakonom o dostopnosti spleti\u0161\u010d in mobilnih aplikacij (Uradni list RS, \u0161t. 30\/18, 95\/21 \u2013 ZInfV-A, 189\/21 \u2013 ZDU-1M in 18\/23 \u2013 ZDU-1O, v nadaljevanju ZDSMA). Ta izjava o dostopnosti se nana\u0161a na spletno [&hellip;]<\/p>","protected":false},"author":2,"featured_media":0,"parent":0,"menu_order":0,"comment_status":"closed","ping_status":"closed","template":"","meta":{"_acf_changed":false,"_monsterinsights_skip_tracking":false,"_monsterinsights_sitenote_active":false,"_monsterinsights_sitenote_note":"","_monsterinsights_sitenote_category":0,"_uf_show_specific_survey":0,"_uf_disable_surveys":false,"_breakdance_hide_in_design_set":false,"_breakdance_tags":"","footnotes":""},"class_list":["post-739","page","type-page","status-publish","hentry"],"acf":[],"aioseo_notices":[],"_links":{"self":[{"href":"https:\/\/life-restart.si\/en\/wp-json\/wp\/v2\/pages\/739","targetHints":{"allow":["GET"]}}],"collection":[{"href":"https:\/\/life-restart.si\/en\/wp-json\/wp\/v2\/pages"}],"about":[{"href":"https:\/\/life-restart.si\/en\/wp-json\/wp\/v2\/types\/page"}],"author":[{"embeddable":true,"href":"https:\/\/life-restart.si\/en\/wp-json\/wp\/v2\/users\/2"}],"replies":[{"embeddable":true,"href":"https:\/\/life-restart.si\/en\/wp-json\/wp\/v2\/comments?post=739"}],"version-history":[{"count":14,"href":"https:\/\/life-restart.si\/en\/wp-json\/wp\/v2\/pages\/739\/revisions"}],"predecessor-version":[{"id":801,"href":"https:\/\/life-restart.si\/en\/wp-json\/wp\/v2\/pages\/739\/revisions\/801"}],"wp:attachment":[{"href":"https:\/\/life-restart.si\/en\/wp-json\/wp\/v2\/media?parent=739"}],"curies":[{"name":"wp","href":"https:\/\/api.w.org\/{rel}","templated":true}]}}